{"id":3994,"date":"2021-12-10T20:41:46","date_gmt":"2021-12-10T20:41:46","guid":{"rendered":"https:\/\/minidat.de\/?page_id=3994"},"modified":"2021-12-12T19:35:04","modified_gmt":"2021-12-12T19:35:04","slug":"eqtrace-click-fuer-zugemietete-maschinen-mehr-infos","status":"publish","type":"page","link":"https:\/\/minidat.de\/?page_id=3994","title":{"rendered":"EQTrace click f\u00fcr Autoh\u00e4user &#8211; Mehr Infos"},"content":{"rendered":"\t\t<div data-elementor-type=\"wp-page\" data-elementor-id=\"3994\" class=\"elementor elementor-3994\" data-elementor-post-type=\"page\">\n\t\t\t\t\t\t<section class=\"elementor-section elementor-top-section elementor-element elementor-element-a453901 elementor-section-boxed elementor-section-height-default elementor-section-height-default\" data-id=\"a453901\" data-element_type=\"section\" data-settings=\"{&quot;background_background&quot;:&quot;classic&quot;}\">\n\t\t\t\t\t\t<div class=\"elementor-container elementor-column-gap-default\">\n\t\t\t\t\t<div class=\"elementor-column elementor-col-100 elementor-top-column elementor-element elementor-element-5c6fef9\" data-id=\"5c6fef9\" data-element_type=\"column\">\n\t\t\t<div class=\"elementor-widget-wrap elementor-element-populated\">\n\t\t\t\t\t\t<div class=\"elementor-element elementor-element-afd68ee elementor-widget elementor-widget-heading\" data-id=\"afd68ee\" data-element_type=\"widget\" data-widget_type=\"heading.default\">\n\t\t\t\t<div class=\"elementor-widget-container\">\n\t\t\t\t\t<h2 class=\"elementor-heading-title elementor-size-default\">EQTrace click auf einen Blick\n<\/h2>\t\t\t\t<\/div>\n\t\t\t\t<\/div>\n\t\t\t\t<div class=\"elementor-element elementor-element-0d4331e elementor-widget elementor-widget-text-editor\" data-id=\"0d4331e\" data-element_type=\"widget\" data-widget_type=\"text-editor.default\">\n\t\t\t\t<div class=\"elementor-widget-container\">\n\t\t\t\t\t\t\t\t\t<p><strong>\u2022 Per Magnet in wenigen Sekunden installiert.<\/strong><br \/><strong>\u2022 Eingebauter Akku.<\/strong><br \/><strong>\u2022 Diebstahlschutz via GeoFence w\u00e4hrend der Fahrtzeit.<\/strong><br \/><strong>\u2022 Diebstahlschutz f\u00fcr die Nacht, das Wochenende, auf Au\u00dfengel\u00e4nden (Ruhebereichs\u00fcberwachung).<\/strong><br \/><strong>\u2022 Sofortige Meldung bei Aufladung und Transport.<\/strong><br \/><strong>\u2022 Periodische Positionsmeldung zur Verfolgung.<\/strong><br \/><strong>\u2022 Wasserdicht.<\/strong><br \/><strong>\u2022 Schraubbefestigung m\u00f6glich.<\/strong><\/p><p>\u00a0<\/p>\t\t\t\t\t\t\t\t<\/div>\n\t\t\t\t<\/div>\n\t\t\t\t<div class=\"elementor-element elementor-element-94b0069 elementor-widget__width-initial elementor-absolute elementor-widget elementor-widget-image\" data-id=\"94b0069\" data-element_type=\"widget\" data-settings=\"{&quot;_position&quot;:&quot;absolute&quot;}\" data-widget_type=\"image.default\">\n\t\t\t\t<div class=\"elementor-widget-container\">\n\t\t\t\t\t\t\t\t\t\t\t\t\t\t\t<img decoding=\"async\" width=\"300\" height=\"154\" src=\"https:\/\/minidat.de\/wp-content\/uploads\/2021\/11\/click_rueckseite1.png\" class=\"attachment-medium size-medium wp-image-3640\" alt=\"\" \/>\t\t\t\t\t\t\t\t\t\t\t\t\t\t\t<\/div>\n\t\t\t\t<\/div>\n\t\t\t\t\t<\/div>\n\t\t<\/div>\n\t\t\t\t\t<\/div>\n\t\t<\/section>\n\t\t\t\t<\/div>\n\t\t","protected":false},"excerpt":{"rendered":"<p>EQTrace click auf einen Blick \u2022 Per Magnet in wenigen Sekunden installiert.\u2022 Eingebauter Akku.\u2022 Diebstahlschutz via GeoFence w\u00e4hrend der Fahrtzeit.\u2022 Diebstahlschutz f\u00fcr die Nacht, das Wochenende, auf Au\u00dfengel\u00e4nden (Ruhebereichs\u00fcberwachung).\u2022 Sofortige Meldung bei Aufladung und Transport.\u2022 Periodische Positionsmeldung zur Verfolgung.\u2022 Wasserdicht.\u2022 Schraubbefestigung m\u00f6glich. \u00a0<\/p>\n","protected":false},"author":2,"featured_media":0,"parent":0,"menu_order":0,"comment_status":"closed","ping_status":"closed","template":"","meta":{"ocean_post_layout":"","ocean_both_sidebars_style":"","ocean_both_sidebars_content_width":0,"ocean_both_sidebars_sidebars_width":0,"ocean_sidebar":"0","ocean_second_sidebar":"0","ocean_disable_margins":"enable","ocean_add_body_class":"","ocean_shortcode_before_top_bar":"","ocean_shortcode_after_top_bar":"","ocean_shortcode_before_header":"","ocean_shortcode_after_header":"","ocean_has_shortcode":"","ocean_shortcode_after_title":"","ocean_shortcode_before_footer_widgets":"","ocean_shortcode_after_footer_widgets":"","ocean_shortcode_before_footer_bottom":"","ocean_shortcode_after_footer_bottom":"","ocean_display_top_bar":"default","ocean_display_header":"default","ocean_header_style":"","ocean_center_header_left_menu":"0","ocean_custom_header_template":"0","ocean_custom_logo":0,"ocean_custom_retina_logo":0,"ocean_custom_logo_max_width":0,"ocean_custom_logo_tablet_max_width":0,"ocean_custom_logo_mobile_max_width":0,"ocean_custom_logo_max_height":0,"ocean_custom_logo_tablet_max_height":0,"ocean_custom_logo_mobile_max_height":0,"ocean_header_custom_menu":"0","ocean_menu_typo_font_family":"0","ocean_menu_typo_font_subset":"","ocean_menu_typo_font_size":0,"ocean_menu_typo_font_size_tablet":0,"ocean_menu_typo_font_size_mobile":0,"ocean_menu_typo_font_size_unit":"px","ocean_menu_typo_font_weight":"","ocean_menu_typo_font_weight_tablet":"","ocean_menu_typo_font_weight_mobile":"","ocean_menu_typo_transform":"","ocean_menu_typo_transform_tablet":"","ocean_menu_typo_transform_mobile":"","ocean_menu_typo_line_height":0,"ocean_menu_typo_line_height_tablet":0,"ocean_menu_typo_line_height_mobile":0,"ocean_menu_typo_line_height_unit":"","ocean_menu_typo_spacing":0,"ocean_menu_typo_spacing_tablet":0,"ocean_menu_typo_spacing_mobile":0,"ocean_menu_typo_spacing_unit":"","ocean_menu_link_color":"","ocean_menu_link_color_hover":"","ocean_menu_link_color_active":"","ocean_menu_link_background":"","ocean_menu_link_hover_background":"","ocean_menu_link_active_background":"","ocean_menu_social_links_bg":"","ocean_menu_social_hover_links_bg":"","ocean_menu_social_links_color":"","ocean_menu_social_hover_links_color":"","ocean_disable_title":"on","ocean_disable_heading":"default","ocean_post_title":"","ocean_post_subheading":"","ocean_post_title_style":"","ocean_post_title_background_color":"","ocean_post_title_background":0,"ocean_post_title_bg_image_position":"","ocean_post_title_bg_image_attachment":"","ocean_post_title_bg_image_repeat":"","ocean_post_title_bg_image_size":"","ocean_post_title_height":0,"ocean_post_title_bg_overlay":0.5,"ocean_post_title_bg_overlay_color":"","ocean_disable_breadcrumbs":"default","ocean_breadcrumbs_color":"","ocean_breadcrumbs_separator_color":"","ocean_breadcrumbs_links_color":"","ocean_breadcrumbs_links_hover_color":"","ocean_display_footer_widgets":"default","ocean_display_footer_bottom":"default","ocean_custom_footer_template":"0","footnotes":""},"class_list":["post-3994","page","type-page","status-publish","hentry","entry"],"_links":{"self":[{"href":"https:\/\/minidat.de\/index.php?rest_route=\/wp\/v2\/pages\/3994","targetHints":{"allow":["GET"]}}],"collection":[{"href":"https:\/\/minidat.de\/index.php?rest_route=\/wp\/v2\/pages"}],"about":[{"href":"https:\/\/minidat.de\/index.php?rest_route=\/wp\/v2\/types\/page"}],"author":[{"embeddable":true,"href":"https:\/\/minidat.de\/index.php?rest_route=\/wp\/v2\/users\/2"}],"replies":[{"embeddable":true,"href":"https:\/\/minidat.de\/index.php?rest_route=%2Fwp%2Fv2%2Fcomments&post=3994"}],"version-history":[{"count":4,"href":"https:\/\/minidat.de\/index.php?rest_route=\/wp\/v2\/pages\/3994\/revisions"}],"predecessor-version":[{"id":4102,"href":"https:\/\/minidat.de\/index.php?rest_route=\/wp\/v2\/pages\/3994\/revisions\/4102"}],"wp:attachment":[{"href":"https:\/\/minidat.de\/index.php?rest_route=%2Fwp%2Fv2%2Fmedia&parent=3994"}],"curies":[{"name":"wp","href":"https:\/\/api.w.org\/{rel}","templated":true}]}}